{"id":937,"date":"2011-08-10T12:31:06","date_gmt":"2011-08-10T13:31:06","guid":{"rendered":"http:\/\/santamariaazores.com\/web\/?page_id=937"},"modified":"2013-07-22T12:59:58","modified_gmt":"2013-07-22T13:59:58","slug":"chegar-aviao","status":"publish","type":"page","link":"http:\/\/santamariaazores.com\/web\/chegar-aviao\/","title":{"rendered":"Chegar Avi\u00e3o"},"content":{"rendered":"<p>A \u00fanica empresa de transporte a\u00e9reo com voos regulares para Santa Maria \u00e9 a<\/p>\n<p><strong>SATA Air A\u00e7ores &#8211; Aeroporto<\/strong><\/p>\n<p>Aeroporto de Santa Maria<\/p>\n<p>9580- Vila do Porto<\/p>\n<p>Tel.: (+351) 296 820 190 \/\u00a0296 820 183<\/p>\n<p><strong><br \/>\n<\/strong><\/p>\n<p><strong>SATA Air A\u00e7ores &#8211; Vila do Porto<\/strong><\/p>\n<p>Rua Dr. Lu\u00eds Bettencourt<\/p>\n<p>9580-529 Vila do Porto<\/p>\n<p>Tel.: (+351) 296 820 700 \/\u00a0296 820 701 \u00a0\/\u00a0296 820 702<\/p>\n<p>Website: <a title=\"Sata Air A\u00e7ores\" href=\"http:\/\/www.sata.pt\" target=\"_blank\">http:\/\/www.sata.pt<\/a><\/p>\n<p><a title=\"Hor\u00e1rios\" href=\"http:\/\/www.sata.pt\/pt-pt\/useful_information\" target=\"_blank\"><strong>\u00a0Ver liga\u00e7\u00f5es e fazer reservas<\/strong><\/a><\/p>\n<p><strong>Liga\u00e7\u00f5es di\u00e1rias a Ponta Delgada e um voo semanal \u00e0 quinta-feira entre Lisboa e Santa Maria.<\/strong><\/p>\n<p>&nbsp;<\/p>\n","protected":false},"excerpt":{"rendered":"<p>A \u00fanica empresa de transporte a\u00e9reo com voos regulares para Santa Maria \u00e9 a SATA Air A\u00e7ores &#8211; Aeroporto Aeroporto de Santa Maria 9580- Vila do Porto Tel.: (+351) 296 820 190 \/\u00a0296 820 183 SATA Air A\u00e7ores &#8211; Vila do Porto Rua Dr. Lu\u00eds Bettencourt 9580-529 Vila do Porto Tel.: (+351) 296 820 700 [&hellip;]<\/p>\n","protected":false},"author":1,"featured_media":934,"parent":0,"menu_order":0,"comment_status":"open","ping_status":"open","template":"","meta":[],"_links":{"self":[{"href":"http:\/\/santamariaazores.com\/web\/wp-json\/wp\/v2\/pages\/937"}],"collection":[{"href":"http:\/\/santamariaazores.com\/web\/wp-json\/wp\/v2\/pages"}],"about":[{"href":"http:\/\/santamariaazores.com\/web\/wp-json\/wp\/v2\/types\/page"}],"author":[{"embeddable":true,"href":"http:\/\/santamariaazores.com\/web\/wp-json\/wp\/v2\/users\/1"}],"replies":[{"embeddable":true,"href":"http:\/\/santamariaazores.com\/web\/wp-json\/wp\/v2\/comments?post=937"}],"version-history":[{"count":0,"href":"http:\/\/santamariaazores.com\/web\/wp-json\/wp\/v2\/pages\/937\/revisions"}],"wp:featuredmedia":[{"embeddable":true,"href":"http:\/\/santamariaazores.com\/web\/wp-json\/wp\/v2\/media\/934"}],"wp:attachment":[{"href":"http:\/\/santamariaazores.com\/web\/wp-json\/wp\/v2\/media?parent=937"}],"curies":[{"name":"wp","href":"https:\/\/api.w.org\/{rel}","templated":true}]}}