{"id":933,"date":"2011-08-10T13:56:48","date_gmt":"2011-08-10T14:56:48","guid":{"rendered":"http:\/\/santamariaazores.com\/web\/?page_id=933"},"modified":"2011-10-19T10:50:27","modified_gmt":"2011-10-19T11:50:27","slug":"info-sma","status":"publish","type":"page","link":"http:\/\/santamariaazores.com\/web\/info-sma\/","title":{"rendered":"Info SMA"},"content":{"rendered":"<p>Para quem quer chegar a Santa Maria, ficar e passar algum tempo nesta Ilha, este espa\u00e7o \u00e9 para si.<\/p>\n<p>&nbsp;<\/p>\n<p><a href=\"http:\/\/santamariaazores.com\/web\/chegar-aviao\" target=\"_blank\"><img decoding=\"async\" class=\"alignleft\" src=\"http:\/\/alojaimagens.com\/images\/23sccg90ohv78gsxfk2v.jpg\" alt=\"\" \/><\/a><\/p>\n<p><a href=\"http:\/\/santamariaazores.com\/web\/chegar-barco\" target=\"_blank\"><img decoding=\"async\" class=\"aligncenter\" src=\"http:\/\/alojaimagens.com\/images\/11t0f882u049utyd8j26.jpg\" alt=\"\" \/><\/a><\/p>\n<p>&nbsp;<\/p>\n<p><a href=\"http:\/\/santamariaazores.com\/p\/category\/automoveis\/rent-a-car\/\" target=\"_blank\"><img decoding=\"async\" class=\"alignleft\" src=\"http:\/\/alojaimagens.com\/images\/vclk1un14xen1lwth6ap.jpg\" alt=\"\" \/><\/a><\/p>\n<p><a href=\"http:\/\/santamariaazores.com\/p\/?s=taxi&amp;x=25&amp;y=20\/\" target=\"_blank\"><img decoding=\"async\" class=\"aligncenter\" src=\"http:\/\/alojaimagens.com\/images\/j5wwdkk3tun7klj8rpft.jpg\" alt=\"\" \/><\/a><\/p>\n<p>&nbsp;<\/p>\n<p><a href=\"http:\/\/santamariaazores.com\/p\/2011\/07\/16\/empresa-de-transportes-colectivos-de-santa-maria\/\" target=\"_blank\"><img decoding=\"async\" class=\"alignleft\" src=\"http:\/\/alojaimagens.com\/images\/kmsaa4w722sd1samcc3y.jpg\" alt=\"\" \/><\/a><\/p>\n<p><a href=\"http:\/\/santamariaazores.com\/p\/category\/bar\/\" target=\"_blank\"><img decoding=\"async\" class=\"aligncenter\" src=\"http:\/\/alojaimagens.com\/images\/uhv3nawul8ghm8p6wx1z.png\" alt=\"\" \/><\/a><\/p>\n<p>&nbsp;<\/p>\n<p><a href=\"http:\/\/santamariaazores.com\/p\/category\/alojamento\/hoteis\/\" target=\"_blank\"><img decoding=\"async\" class=\"alignleft\" src=\"http:\/\/alojaimagens.com\/images\/1tp91ijkxr4ukfyg2opp.gif\" alt=\"\" \/><\/a><\/p>\n<p><a href=\"http:\/\/santamariaazores.com\/p\/category\/alojamento\/\" target=\"_blank\"><img decoding=\"async\" class=\"aligncenter\" src=\"http:\/\/alojaimagens.com\/images\/3qn6bi7a26tdqp6r2v0r.jpg\" alt=\"\" \/><\/a><br \/>\n<a href=\"http:\/\/santamariaazores.com\/p\/category\/comercio\/\" target=\"_blank\"><img decoding=\"async\" class=\"alignleft\" src=\"http:\/\/alojaimagens.com\/images\/swzldxhygajckw1viht.jpg\" alt=\"\" \/><\/a><\/p>\n<p><a href=\"http:\/\/santamariaazores.com\/p\/category\/restaurantes\/\" target=\"_blank\"><img decoding=\"async\" class=\"aligncenter\" src=\"http:\/\/alojaimagens.com\/images\/xq6d9z1zkebb7cs3sl2x.jpg\" alt=\"\" \/><\/a><\/p>\n<p><a href=\"http:\/\/santamariaazores.com\/web\/2011\/06\/28\/tabelas-das-mares\/\" target=\"_blank\"><img decoding=\"async\" loading=\"lazy\" class=\"alignleft\" src=\"http:\/\/alojaimagens.com\/images\/eyk2rykj6endzq0w6q47.png\" alt=\"\" width=\"126\" height=\"125\" \/><\/a><\/p>\n<p style=\"text-align: center;\"><a href=\"http:\/\/santamariaazores.com\/web\/associacoes\/\" target=\"_blank\"><img decoding=\"async\" loading=\"lazy\" class=\"aligncenter\" src=\"http:\/\/alojaimagens.com\/images\/hx5qlpd43jw0n0vu3vo.png\" alt=\"\" width=\"125\" height=\"125\" \/><\/a><\/p>\n<p><a href=\"http:\/\/santamariaazores.com\/web\/carga-transinsular\/\" target=\"_blank\"><img decoding=\"async\" loading=\"lazy\" class=\"alignleft\" src=\"http:\/\/alojaimagens.com\/images\/8u7j6hn0fsz6huhgni4.jpg\" alt=\"\" width=\"126\" height=\"125\" \/><\/a><\/p>\n<p>&nbsp;<\/p>\n<p>&nbsp;<\/p>\n<p>&nbsp;<\/p>\n<p>&nbsp;<\/p>\n<p>&nbsp;<\/p>\n<p>N\u00e3o encontrou o que procura? <a title=\"Formul\u00e1rio de Contacto\" href=\"http:\/\/santamariaazores.com\/web\/contacto\/\" target=\"_blank\">Contacte-nos<\/a> ou deixe um coment\u00e1rio.<\/p>\n<p>&nbsp;<\/p>\n<p>&nbsp;<\/p>\n<p>Siga no&#8230;<\/p>\n<p style=\"text-align: left;\"><a href=\"https:\/\/www.facebook.com\/santamaria.azores\" target=\"_blank\"><img decoding=\"async\" loading=\"lazy\" class=\"alignleft\" src=\"http:\/\/alojaimagens.com\/images\/jda70ehc7n6b28g3x0d5.png\" alt=\"\" width=\"49\" height=\"49\" \/><\/a><\/p>\n<p>\u00a0<a href=\"https:\/\/twitter.com\/#!\/SantaMariaAzore\" target=\"_blank\"><img decoding=\"async\" class=\"alignleft\" src=\"http:\/\/alojaimagens.com\/images\/hhenjxx6yahw9uxxz8yf.png\" alt=\"\" \/><\/a><a href=\"http:\/\/santamariaazores.com\/web\/feed\/\" target=\"_blank\"><img decoding=\"async\" src=\"http:\/\/alojaimagens.com\/images\/i0m6z3kl4ku7i9931y.png\" alt=\"\" \/><\/a><br \/>\n<a href=\"http:\/\/www.santamariaazores.com\/p\" target=\"_blank\"><img decoding=\"async\" class=\"aligncenter\" src=\"http:\/\/santamariaazores.com\/pasma.png\" alt=\"\" \/><\/a><\/p>\n<p>&nbsp;<\/p>\n<p>&nbsp;<\/p>\n<p><a href=\"http:\/\/portuguese.wunderground.com\/cgi-bin\/findweather\/getForecast?query=Santa Maria, AZ\"><img decoding=\"async\" class=\"aligncenter\" src=\"http:\/\/weathersticker.wunderground.com\/weathersticker\/sunandmoon_metric\/language\/portuguese\/global\/stations\/08515.gif\" alt=\"\" \/><\/a><br \/>\n<a href=\"http:\/\/www.arnaldomoura.com\" target=\"_blank\"><img decoding=\"async\" class=\"aligncenter\" src=\"http:\/\/arnaldomoura.com\/banner468x50arnaldomoura.png\" alt=\"\" \/><\/a><\/p>\n","protected":false},"excerpt":{"rendered":"<p>Para quem quer chegar a Santa Maria, ficar e passar algum tempo nesta Ilha, este espa\u00e7o \u00e9 para si. &nbsp; &nbsp; &nbsp; &nbsp; &nbsp; &nbsp; &nbsp; &nbsp; &nbsp; N\u00e3o encontrou o que procura? Contacte-nos ou deixe um coment\u00e1rio. &nbsp; &nbsp; Siga no&#8230; \u00a0 &nbsp; &nbsp;<\/p>\n","protected":false},"author":1,"featured_media":0,"parent":0,"menu_order":0,"comment_status":"open","ping_status":"open","template":"","meta":[],"_links":{"self":[{"href":"http:\/\/santamariaazores.com\/web\/wp-json\/wp\/v2\/pages\/933"}],"collection":[{"href":"http:\/\/santamariaazores.com\/web\/wp-json\/wp\/v2\/pages"}],"about":[{"href":"http:\/\/santamariaazores.com\/web\/wp-json\/wp\/v2\/types\/page"}],"author":[{"embeddable":true,"href":"http:\/\/santamariaazores.com\/web\/wp-json\/wp\/v2\/users\/1"}],"replies":[{"embeddable":true,"href":"http:\/\/santamariaazores.com\/web\/wp-json\/wp\/v2\/comments?post=933"}],"version-history":[{"count":0,"href":"http:\/\/santamariaazores.com\/web\/wp-json\/wp\/v2\/pages\/933\/revisions"}],"wp:attachment":[{"href":"http:\/\/santamariaazores.com\/web\/wp-json\/wp\/v2\/media?parent=933"}],"curies":[{"name":"wp","href":"https:\/\/api.w.org\/{rel}","templated":true}]}}