{"id":809,"date":"2011-08-05T08:38:17","date_gmt":"2011-08-05T09:38:17","guid":{"rendered":"http:\/\/santamariaazores.com\/web\/?page_id=809"},"modified":"2011-11-10T13:13:22","modified_gmt":"2011-11-10T14:13:22","slug":"nota-editorial","status":"publish","type":"page","link":"http:\/\/santamariaazores.com\/web\/nota-editorial\/","title":{"rendered":"Nota editorial"},"content":{"rendered":"<p style=\"text-align: justify;\">Para enviar as suas notas para publica\u00e7\u00e3o utilize o formul\u00e1rio abaixo, com as suas not\u00edcias e imagens, ou envie um email para:\u00a0<strong><a title=\"Santamariaazores.com\" href=\"mailto:geral@santamariaazores.com\" target=\"_blank\">geral@santamariaazores.com<\/a>\u00a0<\/strong> para enviar publicidade clique<strong> <a href=\"http:\/\/santamariaazores.com\/web\/publicidade-2\/\" target=\"_blank\">AQUI<\/a><\/strong><\/p>\n<p>O site\u00a0<a href=\"http:\/\/santamariaazores.com\" target=\"_blank\">santamariaazores.com<\/a>, tem por finalidade publicar todos os eventos, acontecimentos, festas, divulga\u00e7\u00e3o empresarial ou particular, relacionada com a Ilha de Santa Maria ou com os Marienses espalhados pelo mundo.Por este facto, estamos dispon\u00edveis para publicar neste espa\u00e7o, tudo que diga respeito a Marienses ou amigos de Santa Maria, seja na Ilha ou nas comunidades de Marienses, desde que relacionado com esta linha editorial.<\/p>\n<div><strong>N\u00e3o Publicamos<\/strong><\/div>\n<ul>\n<li>Pol\u00edtica<\/li>\n<li>Xenofobia<\/li>\n<li>Conte\u00fados racistas<\/li>\n<li>Pornografia<\/li>\n<li>Conte\u00fados que nada tenham a ver com Santa Maria ou com os Marienses em geral.<\/li>\n<\/ul>\n<p>&nbsp;<script type=\"text\/javascript\" src=\"http:\/\/form.jotform.com\/jsform\/12161914272\"><\/script><\/p>\n<p><a href=\"http:\/\/santamariaazores.com\/web\/classificados\/\" target=\"_blank\"><img decoding=\"async\" class=\"aligncenter\" src=\"http:\/\/s3.amazonaws.com\/jufs\/armvp\/12054224268\/177399211811931915\/adds.png\" alt=\"\" \/><\/a><\/p>\n","protected":false},"excerpt":{"rendered":"<p>Para enviar as suas notas para publica\u00e7\u00e3o utilize o formul\u00e1rio abaixo, com as suas not\u00edcias e imagens, ou envie um email para:\u00a0geral@santamariaazores.com\u00a0 para enviar publicidade clique AQUI O site\u00a0santamariaazores.com, tem por finalidade publicar todos os eventos, acontecimentos, festas, divulga\u00e7\u00e3o empresarial ou particular, relacionada com a Ilha de Santa Maria ou com os Marienses espalhados pelo [&hellip;]<\/p>\n","protected":false},"author":1,"featured_media":0,"parent":0,"menu_order":0,"comment_status":"open","ping_status":"open","template":"","meta":[],"_links":{"self":[{"href":"http:\/\/santamariaazores.com\/web\/wp-json\/wp\/v2\/pages\/809"}],"collection":[{"href":"http:\/\/santamariaazores.com\/web\/wp-json\/wp\/v2\/pages"}],"about":[{"href":"http:\/\/santamariaazores.com\/web\/wp-json\/wp\/v2\/types\/page"}],"author":[{"embeddable":true,"href":"http:\/\/santamariaazores.com\/web\/wp-json\/wp\/v2\/users\/1"}],"replies":[{"embeddable":true,"href":"http:\/\/santamariaazores.com\/web\/wp-json\/wp\/v2\/comments?post=809"}],"version-history":[{"count":0,"href":"http:\/\/santamariaazores.com\/web\/wp-json\/wp\/v2\/pages\/809\/revisions"}],"wp:attachment":[{"href":"http:\/\/santamariaazores.com\/web\/wp-json\/wp\/v2\/media?parent=809"}],"curies":[{"name":"wp","href":"https:\/\/api.w.org\/{rel}","templated":true}]}}