{"id":77,"date":"2011-06-24T21:02:04","date_gmt":"2011-06-24T22:02:04","guid":{"rendered":"http:\/\/santamariaazores.com\/web\/?page_id=77"},"modified":"2011-12-22T12:40:53","modified_gmt":"2011-12-22T13:40:53","slug":"links-uteis","status":"publish","type":"page","link":"http:\/\/santamariaazores.com\/web\/links-uteis\/","title":{"rendered":"Links \u00dateis"},"content":{"rendered":"<ul>\n<li><a title=\"Alto Azores - Casa de almagreira\" href=\"http:\/\/altoazores.com\/\" target=\"_blank\"><strong>Alto Azores<\/strong><\/a><\/li>\n<li><strong><a href=\"http:\/\/www.osamigosdamaia.com\/\" target=\"_blank\">Amigos da Maia<\/a><\/strong><\/li>\n<li><a href=\"http:\/\/santamariatransalp.blogspot.com\/\" target=\"_blank\"><strong>A Minha Moto e Eu<\/strong><\/a><\/li>\n<li><strong><a href=\"http:\/\/arnaldomoura.com\/web\/\" target=\"_blank\">Arnaldo Moura &#8211; Inform\u00e1tica &amp; Servi\u00e7os<\/a><\/strong><\/li>\n<li><a href=\"http:\/\/www.artdesignpedrobraga.blogspot.com\/\" target=\"_blank\"><strong>ArtDesign Pedro Braga<\/strong><\/a><\/li>\n<li><strong><a href=\"http:\/\/www.atlanticoline.pt\/\" target=\"_blank\">Atl\u00e2nticoline<\/a><\/strong><\/li>\n<li><a title=\"Site fotos de avi\u00f5es aeroporto Santa Maria\" href=\"http:\/\/asassantamaria.blogspot.com\/\" target=\"_blank\"><strong>Asas de Santa Maria &#8211; Mais que avia\u00e7\u00e3o uma paix\u00e3o!<\/strong><\/a><\/li>\n<li><a title=\"Grupo de Cantares Almagre\" href=\"http:\/\/grupoalmagre.blogspot.com\/\" target=\"_blank\"><strong>Associa\u00e7\u00e3o Cultural Dan\u00e7as e Cantares Almagre<\/strong><\/a><\/li>\n<li><strong><a href=\"http:\/\/pt-pt.facebook.com\/pages\/Associa%C3%A7%C3%A3o-Humanit%C3%A1ria-de-Bombeiros-Volunt%C3%A1rios-de-Santa-Maria\/197233280314672?sk=info\" target=\"_blank\">Associa\u00e7\u00e3o Humanit\u00e1ria de Bombeiros Volunt\u00e1rios de Santa Maria<\/a><\/strong><\/li>\n<li><strong><a href=\"http:\/\/www.ajism.net\/\" target=\"_blank\">Associa\u00e7\u00e3o Juvenil da Ilha de Santa Maria &#8211; AJISM<\/a><\/strong><\/li>\n<li><a title=\"AMASM\" href=\"http:\/\/amasm.weebly.com\/index.html\" target=\"_blank\"><strong>Associa\u00e7\u00e3o de Marienses e Amigos de Santa Maria<\/strong><\/a><\/li>\n<li><a href=\"http:\/\/www.avism.pt\/?id=0\" target=\"_blank\"><strong>Associa\u00e7\u00e3o Voleibol da Ilha de Santa Maria<\/strong><\/a><\/li>\n<li><strong><a href=\"http:\/\/www.azores.com\/pt\/santa-maria\" target=\"_blank\">Azores.com &#8211; Santa Maria<\/a><\/strong><\/li>\n<li><strong><a href=\"http:\/\/www.obaluarte.net\/\" target=\"_blank\">Baluarte<\/a><\/strong><\/li>\n<li><a href=\"http:\/\/www.boxrede.com\/\" target=\"_blank\"><strong>Boxrede<\/strong><\/a><\/li>\n<li><strong><a href=\"http:\/\/cm-viladoporto.pt\/SITE\/index.php\" target=\"_blank\">C\u00e2mara Municipal de Vila do Porto<\/a><\/strong><\/li>\n<li><a href=\"http:\/\/www.carpintariaperdigao.pt\/web\/\" target=\"_blank\"><strong>Carpintaria Perdig\u00e3o<\/strong><\/a><\/li>\n<li><a href=\"http:\/\/www.youtube.com\/watch?v=Gy5UbmvLfXc\" target=\"_blank\"><strong>Casa da Av\u00f3 &#8211; Almagreira<\/strong><\/a><\/li>\n<li><a href=\"http:\/\/www.casadabelavista.blogspot.com\/\" target=\"_blank\"><strong>Casa da Bela Vista &#8211; Santa B\u00e1rbara<\/strong><\/a><\/li>\n<li><a href=\"http:\/\/www.casadeferias-na-ilha-de-santamaria.de.tl\/Casa-Forno.htm\" target=\"_blank\"><strong>Casa do Forno<\/strong><\/a><\/li>\n<li><a href=\"http:\/\/www.lauristur.com\/casa_do_norte.htm\" target=\"_blank\"><strong>Casa do Norte &#8211; Lauristur<\/strong><\/a><\/li>\n<li><strong><a href=\"http:\/\/www.youtube.com\/watch?v=iE4T-zUMpww&amp;NR=1\" target=\"_blank\">Casa de S\u00e3o Jos\u00e9<\/a><\/strong><\/li>\n<li><a href=\"http:\/\/cjnaturalistas.blogspot.com\/\" target=\"_blank\"><strong>Centro de Jovens Naturalistas<\/strong><\/a><\/li>\n<li><strong><a href=\"http:\/\/www.portaldasaude.pt\/portal\/servicos\/prestadoresV2\/?providerid=66275\" target=\"_blank\">Centro de Sa\u00fade de Vila do Porto<\/a><\/strong><\/li>\n<li><a title=\"Discoteca\" href=\"http:\/\/chamineclub.blogspot.com\/\" target=\"_blank\"><strong>Chamin\u00e9 Club<\/strong><\/a><\/li>\n<li><a href=\"http:\/\/www.clubeana.com\/\" target=\"_blank\"><strong>Clube Ana<\/strong><\/a><\/li>\n<li><strong><a href=\"http:\/\/www.asasdoatlantico.pt\/\" target=\"_blank\">Clube Asas do Atl\u00e2ntico<\/a><\/strong><\/li>\n<li><a href=\"http:\/\/www.cdmarienses.net\/\" target=\"_blank\"><strong>Clube Desportivo &#8220;Os Marienses&#8221;<\/strong><\/a><\/li>\n<li><a href=\"http:\/\/clubemotardsantamaria.blogspot.com\/\" target=\"_blank\"><strong>Clube Motard Santa Maria<\/strong><\/a><\/li>\n<li><strong><a href=\"http:\/\/cnsmar.blogspot.com\/\" target=\"_blank\">Clube Naval de Santa Maria<\/a><\/strong><\/li>\n<li><a href=\"http:\/\/coiceecanelada.blogspot.com\" target=\"_blank\"><strong>Coice e Canelada<\/strong><\/a><\/li>\n<li><strong><a href=\"http:\/\/compararsantamaria.blogspot.com\/\" target=\"_blank\">Comparar Santa Maria<\/a><\/strong><\/li>\n<li><a title=\"Criaki - Artes decorativas\" href=\"http:\/\/criakisma.blogspot.com\" target=\"_blank\"><strong>Criaki &#8211; Atelier de Artes Decorativas<\/strong><\/a><\/li>\n<li><a href=\"http:\/\/danielbraga.weebly.com\/index.html\" target=\"_blank\"><strong>Daniel Braga &#8211; Presta\u00e7\u00e3o de Servi\u00e7os<\/strong><\/a><\/li>\n<li><strong><a href=\"http:\/\/desportomariense.blogspot.com\/\" target=\"_blank\">Desporto Mariense<\/a><\/strong><\/li>\n<li><strong><a href=\"http:\/\/www.dollabaratsub.com\/\" target=\"_blank\">Dollabarat Sub<\/a><\/strong><\/li>\n<li><a href=\"http:\/\/www.ebs-santamaria.pt\" target=\"_blank\"><strong>Escola B\u00e1sica e Secund\u00e1ria de Santa Maria<\/strong><\/a><\/li>\n<li><a href=\"http:\/\/cadeinha.no.sapo.pt\/index.htm\" target=\"_blank\"><strong>Escravos da Cade\u00ednha<\/strong><\/a><\/li>\n<li><strong><a href=\"http:\/\/www.exploresantamaria.com\/\" target=\"_blank\">Explore Santa Maria<\/a><\/strong><\/li>\n<li><a href=\"http:\/\/www.fpepe.com\/\" target=\"_blank\"><strong>Foto Pepe<\/strong><\/a><\/li>\n<li><strong><a href=\"http:\/\/www.facebook.com\/profile.php?id=100001713610025\" target=\"_blank\">Freguesia de Vila do Porto no Facebook<\/a><\/strong><\/li>\n<li><a href=\"http:\/\/mirandadesigne.blogspot.com\" target=\"_blank\"><strong>Full Design<\/strong><\/a><\/li>\n<li><a href=\"http:\/\/gdgoncalovelho1945.blogspot.com\/\" target=\"_blank\"><strong>Grupo Desportivo Gon\u00e7alo Velho<\/strong><\/a><\/li>\n<li><strong><a href=\"http:\/\/www.colombo-hotel.com\/\" target=\"_blank\">Hotel Colombo<\/a><\/strong><\/li>\n<li><a href=\"http:\/\/www.pacarama.com\/pt\/brasil\/manaus-hoteis\/\" target=\"_blank\"><strong>Hotel Manaus<\/strong><\/a><\/li>\n<li><a href=\"http:\/\/www.hotelpraiadelobos.com\/hotel.htm\" target=\"_blank\"><strong>Hotel Praia de Lobos<\/strong><\/a><\/li>\n<li><a href=\"http:\/\/www.hotelsanta-maria.com\/\" target=\"_blank\"><strong>Hotel Santa Maria<\/strong><\/a><\/li>\n<li><strong><a href=\"http:\/\/www.jcosta.com.pt\/\" target=\"_blank\">J. Costa &amp; Filhos, Lda<\/a><\/strong><\/li>\n<li><a title=\"Junta de Freguesia de S\u00e3o Pedro - Santa Maria\" href=\"http:\/\/jf-saopedro.net\/index.php\" target=\"_blank\"><strong>Junta de Freguesia de S\u00e3o Pedro<\/strong><\/a>\u00a0(em constru\u00e7\u00e3o)<\/li>\n<li><a title=\"Freguesia de Vila do Porto\" href=\"http:\/\/jf-viladoporto.com\/\" target=\"_blank\"><strong>Junta de Freguesia de Vila do Porto<\/strong><\/a><\/li>\n<li><strong><a href=\"http:\/\/www.lucianadesign.com\/\" target=\"_blank\">Luciana Design<\/a><\/strong><\/li>\n<li><a href=\"http:\/\/carlosmadeira.weebly.com\/index.html\" target=\"_blank\"><strong>Madeira &#8211; Presta\u00e7\u00e3o de Servi\u00e7os<\/strong><\/a><\/li>\n<li><strong><a href=\"http:\/\/mantamaria.com\/\" target=\"_blank\">Manta Maria &#8211; Dive Center Azores<\/a><\/strong><\/li>\n<li><a href=\"http:\/\/mar-de-eventos.blogspot.com\/\" target=\"_blank\"><strong>Mar de Eventos<\/strong><\/a><\/li>\n<li><strong><a href=\"http:\/\/www.maredeagosto.com\/\" target=\"_blank\">Mar\u00e9 de Agosto<\/a><\/strong><\/li>\n<li><a href=\"http:\/\/maresdesantamaria.blogspot.com\/\" target=\"_blank\"><strong>Mares de Santa Maria<\/strong><\/a><\/li>\n<li><a href=\"http:\/\/memoriasdodesportomariense.blogspot.com\/\" target=\"_blank\"><strong>Mem\u00f3rias do Desporto Mariense<\/strong><\/a><\/li>\n<li><strong><a href=\"http:\/\/www.facebook.com\/pages\/Mem%C3%B3rias-e-Lembran%C3%A7as-da-Ilha-de-Santa-Maria\/119944921356441\" target=\"_blank\">Mem\u00f3rias e Lembran\u00e7as de Santa Maria<\/a><\/strong><\/li>\n<li><a title=\"AMBS2009 \u2013 Produ\u00e7\u00f5es\" href=\"http:\/\/www.motorsma.com\" target=\"_blank\"><strong>Motorsma<\/strong><\/a><\/li>\n<li><strong><a href=\"http:\/\/naturarte.limewebs.com\/\" target=\"_blank\">NaturArte<\/a><\/strong><\/li>\n<li><strong><a title=\"Blogue Naturmariense \" href=\"http:\/\/natur-mariense.blogspot.com\/\" target=\"_blank\">Naturmariense<\/a><\/strong><\/li>\n<li><strong><a href=\"http:\/\/www.nauti-pescas.blogspot.com\/\" target=\"_blank\">Nautipescas<\/a><\/strong><\/li>\n<li><a title=\"Todo Terreno - Emanuel Perdig\u00e3o - Santa Maria\" href=\"http:\/\/offroadmariense.blogspot.com\/\" target=\"_blank\"><strong>Off Road Mariense<\/strong><\/a><\/li>\n<li><strong><a href=\"http:\/\/www.jorgeacbotelho.com\/\" target=\"_blank\">Oficina Jorge Botelho<\/a><\/strong><\/li>\n<li><strong><a href=\"http:\/\/santamariaazores.com\/p\/\" target=\"_blank\">P\u00e1ginas Amarelas de Santa Maria (PASM)<\/a><\/strong><\/li>\n<li><a title=\"Palavras Malhadas de Jo\u00e3o Figueiredo\" href=\"http:\/\/palavrasmalhadas.blogspot.com\/\" target=\"_blank\"><strong>Palavras Malhadas<\/strong><\/a><\/li>\n<li><a href=\"http:\/\/www.paralelo37.pt\/bwexpeditions\/index.php?item=1\" target=\"_blank\"><strong>Paralelo 37<\/strong><\/a><\/li>\n<li><strong><a href=\"http:\/\/www.azorean-spirit.com\/\" target=\"_blank\">Pens\u00e3o Francisca<\/a><\/strong><\/li>\n<li><a title=\"Praia Formosa Santa Maria A\u00e7ores\" href=\"http:\/\/praiaformosa-acores.blogspot.com\/\" target=\"_blank\"><strong>Praia Formosa<\/strong><strong>-A\u00e7ores<\/strong><\/a><\/li>\n<li><a href=\"http:\/\/www.windguru.cz\/pt\/index.php?sc=55477\" target=\"_blank\"><strong>Previs\u00e3o Meteorol\u00f3gica Santa Maria &#8211; Windguru<\/strong><\/a><\/li>\n<li><strong><a href=\"http:\/\/www.psp.pt\/Pages\/apsp\/ondeEstamos.aspx?menu=2&amp;submenu=1&amp;qDistrito=48&amp;qConcelho=95\" target=\"_blank\">PSP &#8211; Esquadra de Vila do Porto<\/a><\/strong><\/li>\n<li><strong><a href=\"http:\/\/www.quintamontesanto.com\/\" target=\"_blank\">Quinta do Monte Santo<\/a><\/strong><\/li>\n<li><a href=\"http:\/\/www.asasdoatlantico.pt\/ralisantamaria\/\" target=\"_blank\"><strong>Rali de Santa Maria &#8211; Site oficial<\/strong><\/a><\/li>\n<li><a href=\"http:\/\/realestatesma.blogspot.com\/\" target=\"_blank\"><strong>Real Estate Santa Maria<\/strong><\/a><\/li>\n<li><a title=\"Recolhimento Santa Maria Madalena\" href=\"http:\/\/recolhimento.webnode.com.pt\" target=\"_blank\"><strong>Recolhimento de Santa Maria Madalena<\/strong><\/a><\/li>\n<li><strong><a href=\"http:\/\/www.ilhadosol.com\/renting\/\" target=\"_blank\">Rent a Car Ilha do Sol<\/a><\/strong><\/li>\n<li><strong><a href=\"http:\/\/www.myspace.com\/rondadamadrugada\" target=\"_blank\">Ronda da Madrugada no &#8220;Myspace&#8221;<\/a><\/strong><\/li>\n<li><a href=\"http:\/\/ww1.rtp.pt\/icmblogs\/rtp\/santamariaonline\/\" target=\"_blank\"><strong>RTP-A\u00e7ores (Ant\u00f3nio Pacheco)<\/strong><\/a><\/li>\n<li><strong><a href=\"http:\/\/www.sata.pt\/pt-pt\" target=\"_blank\">Sata Air A\u00e7ores<\/a><\/strong><\/li>\n<li><strong><a href=\"http:\/\/oqueenosso.blogspot.com\/\" target=\"_blank\">Santa B\u00e1rbara<\/a><\/strong><\/li>\n<li><strong><a title=\"Santa Maria A\u00e7ores\" href=\"http:\/\/santamariaazores.com\" target=\"_blank\"><strong>Santa Maria Azores<\/strong><\/a><br \/>\n<\/strong><\/li>\n<li><strong><a title=\"Santa Maria Tube\" href=\"http:\/\/santamariatube.blogspot.com\/\" target=\"_blank\">Santa Maria Tube<\/a><\/strong><\/li>\n<li><strong><a href=\"http:\/\/saxopower.blogspot.com\/\" target=\"_blank\">Saxo Power<\/a><\/strong><\/li>\n<li><a title=\"M\u00e1rio Melo - Feteiras de Baixo\" href=\"http:\/\/mariomelo.home.sapo.pt\/\" target=\"_blank\"><strong>Servi\u00e7os ao\u00a0Domic\u00edlio\u00a0&#8211; M\u00e1rio Melo<\/strong><\/a><\/li>\n<li><strong><a href=\"http:\/\/teamgmcabral.blogspot.com\/\" target=\"_blank\">Team G.M. Cabral<\/a><\/strong><\/li>\n<li><a title=\"Blogue de Fotografia de Rui Andrade - Santa Maria\" href=\"http:\/\/www.um-instante.blogspot.com\/\" target=\"_blank\"><strong>Um Instante &#8211; Fotografia de Rui Andrade<\/strong><\/a><\/li>\n<li><strong><a href=\"http:\/\/visandotudo.pt\/\" target=\"_blank\">Visandotudo &#8211; Com\u00e9rcio de Materiais de Constru\u00e7\u00e3o, Lda<\/a><\/strong><\/li>\n<li><a href=\"http:\/\/www.wahoo-diving.de\/\" target=\"_blank\"><strong>Wahoo Diving<\/strong><\/a><\/li>\n<li><strong><a href=\"http:\/\/www.climaat.angra.uac.pt\/WebCams\/index10.htm\" target=\"_blank\">Webcam Porto de Vila do Porto em tempo real<\/a><\/strong><\/li>\n<\/ul>\n<p>&nbsp;<\/p>\n<p>Quer ter aqui o seu link, envie <a href=\"Mailto:arnaldo@santamariaazores.com\">email<\/a> ou utilize o nosso formul\u00e1rio de \u00a0<a title=\"Contactos\" href=\"http:\/\/santamariaazores.com\/web\/contacto\/\" target=\"_blank\">contacto<\/a>. Se detectar algum link quebrado favor avisar-nos <a href=\"http:\/\/santamariaazores.com\/web\/link-quebrado\/\" target=\"_blank\">AQUI<\/a><\/p>\n<p>&nbsp;<\/p>\n<p>&nbsp;<\/p>\n<p><a href=\"http:\/\/realestatesma.blogspot.com\/\" target=\"_blank\"><img decoding=\"async\" class=\"aligncenter\" src=\"http:\/\/4.bp.blogspot.com\/-bZ1GQlIDRdA\/TiMBX2P7W-I\/AAAAAAAAA5g\/qv7dSVX1C3Q\/s1600\/resma.png\" alt=\"\" \/><\/a><\/p>\n<p>&nbsp;<\/p>\n<p><a href=\"http:\/\/santamariaazores.com\/p\/submeter-empresa\/\" target=\"_blank\"><img decoding=\"async\" class=\"aligncenter\" src=\"http:\/\/alojaimagens.com\/images\/yhtg76elygs4xkv81dwh.png\" alt=\"\" \/><\/a><\/p>\n<p>Siga-nos&#8230;<\/p>\n<p style=\"text-align: left;\"><a href=\"https:\/\/www.facebook.com\/santamaria.azores\" target=\"_blank\"><img decoding=\"async\" loading=\"lazy\" class=\"alignleft\" src=\"http:\/\/alojaimagens.com\/images\/jda70ehc7n6b28g3x0d5.png\" alt=\"\" width=\"49\" height=\"49\" \/><\/a><\/p>\n<p>\u00a0<a href=\"https:\/\/twitter.com\/#!\/SantaMariaAzore\" target=\"_blank\"><img decoding=\"async\" class=\"alignleft\" src=\"http:\/\/alojaimagens.com\/images\/hhenjxx6yahw9uxxz8yf.png\" alt=\"\" \/><\/a><a href=\"http:\/\/santamariaazores.com\/web\/feed\/\" target=\"_blank\"><img decoding=\"async\" src=\"http:\/\/alojaimagens.com\/images\/i0m6z3kl4ku7i9931y.png\" alt=\"\" \/><\/a><\/p>\n","protected":false},"excerpt":{"rendered":"<p>Alto Azores Amigos da Maia A Minha Moto e Eu Arnaldo Moura &#8211; Inform\u00e1tica &amp; Servi\u00e7os ArtDesign Pedro Braga Atl\u00e2nticoline Asas de Santa Maria &#8211; Mais que avia\u00e7\u00e3o uma paix\u00e3o! Associa\u00e7\u00e3o Cultural Dan\u00e7as e Cantares Almagre Associa\u00e7\u00e3o Humanit\u00e1ria de Bombeiros Volunt\u00e1rios de Santa Maria Associa\u00e7\u00e3o Juvenil da Ilha de Santa Maria &#8211; AJISM Associa\u00e7\u00e3o de [&hellip;]<\/p>\n","protected":false},"author":1,"featured_media":0,"parent":0,"menu_order":4,"comment_status":"open","ping_status":"open","template":"","meta":[],"_links":{"self":[{"href":"http:\/\/santamariaazores.com\/web\/wp-json\/wp\/v2\/pages\/77"}],"collection":[{"href":"http:\/\/santamariaazores.com\/web\/wp-json\/wp\/v2\/pages"}],"about":[{"href":"http:\/\/santamariaazores.com\/web\/wp-json\/wp\/v2\/types\/page"}],"author":[{"embeddable":true,"href":"http:\/\/santamariaazores.com\/web\/wp-json\/wp\/v2\/users\/1"}],"replies":[{"embeddable":true,"href":"http:\/\/santamariaazores.com\/web\/wp-json\/wp\/v2\/comments?post=77"}],"version-history":[{"count":0,"href":"http:\/\/santamariaazores.com\/web\/wp-json\/wp\/v2\/pages\/77\/revisions"}],"wp:attachment":[{"href":"http:\/\/santamariaazores.com\/web\/wp-json\/wp\/v2\/media?parent=77"}],"curies":[{"name":"wp","href":"https:\/\/api.w.org\/{rel}","templated":true}]}}