{"id":445,"date":"2011-07-17T14:16:03","date_gmt":"2011-07-17T15:16:03","guid":{"rendered":"http:\/\/santamariaazores.com\/web\/?page_id=445"},"modified":"2011-11-16T11:30:50","modified_gmt":"2011-11-16T12:30:50","slug":"outros-links-do-mundo","status":"publish","type":"page","link":"http:\/\/santamariaazores.com\/web\/outros-links-do-mundo\/","title":{"rendered":"Outros Links"},"content":{"rendered":"<ul>\n<li><a title=\"Azores Cruise Club - Ponta Delgada\" href=\"http:\/\/cruzeirospdl.blogspot.com\/\" target=\"_blank\"><strong>Azores Cruise Club<\/strong><\/a><\/li>\n<li><strong><a title=\"Carpintaria Perdig\u00e3o - Pico Romeiro - Almagreira\" href=\"http:\/\/carpintariaperdigao.blogspot.com\/\" target=\"_blank\">Carpintaria Perdig\u00e3o<\/a><\/strong><\/li>\n<li><a title=\"Hot\u00e9is e Viagens - Blogue Brasileiro\" href=\"http:\/\/zenurbanmonastery.com\/\" target=\"_blank\"><strong>Hot\u00e9is e Viagens<\/strong><\/a><\/li>\n<li><a title=\"Webcam da Praia Formosa\" href=\"http:\/\/www.praiaformosalive.com\/\" target=\"_blank\"><strong>Praia Formosa Live<\/strong><\/a><\/li>\n<li><strong><a title=\"Imobili\u00e1rio na Ilha de Santa Maria A\u00e7ores\" href=\"http:\/\/realestatesma.blogspot.com\/\" target=\"_blank\">Real Estate Santa Maria A\u00e7ores<\/a><\/strong><\/li>\n<li><a title=\"Blog sobre blogs, blogspot, blogger\" href=\"http:\/\/rumosonho.blogspot.com\/\" target=\"_blank\"><strong>Rumo ao Sonho<\/strong><\/a><\/li>\n<li><a title=\"Blog sobre desporto motorizado em Santa Maria\" href=\"http:\/\/santamariasobrerodas.blogspot.com\/\" target=\"_blank\"><strong>Santa Maria Sobre Rodas<\/strong><\/a><\/li>\n<li><a title=\"Blog de Viagens, turismo e f\u00e9rias\" href=\"http:\/\/viajandopelomundo.net\/\" target=\"_blank\"><strong>Viajando Pelo Mundo<\/strong><\/a><\/li>\n<\/ul>\n","protected":false},"excerpt":{"rendered":"<p>Azores Cruise Club Carpintaria Perdig\u00e3o Hot\u00e9is e Viagens Praia Formosa Live Real Estate Santa Maria A\u00e7ores Rumo ao Sonho Santa Maria Sobre Rodas Viajando Pelo Mundo<\/p>\n","protected":false},"author":1,"featured_media":0,"parent":0,"menu_order":0,"comment_status":"open","ping_status":"open","template":"","meta":[],"_links":{"self":[{"href":"http:\/\/santamariaazores.com\/web\/wp-json\/wp\/v2\/pages\/445"}],"collection":[{"href":"http:\/\/santamariaazores.com\/web\/wp-json\/wp\/v2\/pages"}],"about":[{"href":"http:\/\/santamariaazores.com\/web\/wp-json\/wp\/v2\/types\/page"}],"author":[{"embeddable":true,"href":"http:\/\/santamariaazores.com\/web\/wp-json\/wp\/v2\/users\/1"}],"replies":[{"embeddable":true,"href":"http:\/\/santamariaazores.com\/web\/wp-json\/wp\/v2\/comments?post=445"}],"version-history":[{"count":0,"href":"http:\/\/santamariaazores.com\/web\/wp-json\/wp\/v2\/pages\/445\/revisions"}],"wp:attachment":[{"href":"http:\/\/santamariaazores.com\/web\/wp-json\/wp\/v2\/media?parent=445"}],"curies":[{"name":"wp","href":"https:\/\/api.w.org\/{rel}","templated":true}]}}