{"id":1998,"date":"2011-10-19T10:43:43","date_gmt":"2011-10-19T11:43:43","guid":{"rendered":"http:\/\/santamariaazores.com\/web\/?page_id=1998"},"modified":"2011-10-19T10:43:43","modified_gmt":"2011-10-19T11:43:43","slug":"carga-transinsular","status":"publish","type":"page","link":"http:\/\/santamariaazores.com\/web\/carga-transinsular\/","title":{"rendered":"Carga Transinsular"},"content":{"rendered":"<p>Enviar carga de e para Santa Maria, nos navios da transinsular, uma Informa\u00e7\u00e3o <a title=\"J. Costa &amp; Filhos\" href=\"http:\/\/www.jcosta.com.pt\/\" target=\"_blank\">J.Costa &amp; Filhos, Lda<\/a>, em Santa Maria A\u00e7ores. Saiba as datas que deve carregar no Porto, Lisboa e Ponta Delgada e datas de descarga em Vila do Porto<\/p>\n<p>Escalas para o 2\u00ba Semestre de 2011<\/p>\n<p style=\"text-align: center;\"><img decoding=\"async\" loading=\"lazy\" class=\"aligncenter\" src=\"http:\/\/alojaimagens.com\/images\/lmwwl3e2yq1knfffh0s.png\" alt=\"\" width=\"600\" height=\"450\" \/><a title=\"Escalas Porto de Vila do Porto\" href=\"http:\/\/alojaimagens.com\/images\/lmwwl3e2yq1knfffh0s.png\" target=\"_blank\">AMPLIAR<\/a><\/p>\n<p style=\"text-align: center;\">1 Semestre 2012<\/p>\n<p style=\"text-align: center;\"><img decoding=\"async\" loading=\"lazy\" class=\"aligncenter\" style=\"border-width: 1px; border-color: black; border-style: solid;\" src=\"http:\/\/alojaimagens.com\/images\/mhfk7g9qnohjtf5s8rw6.png\" alt=\"\" width=\"600\" height=\"450\" \/><a title=\"Escalas Transinsular em Santa Maria\" href=\"http:\/\/alojaimagens.com\/images\/mhfk7g9qnohjtf5s8rw6.png\" target=\"_blank\">AMPLIAR<\/a><\/p>\n<p style=\"text-align: center;\">\n","protected":false},"excerpt":{"rendered":"<p>Enviar carga de e para Santa Maria, nos navios da transinsular, uma Informa\u00e7\u00e3o J.Costa &amp; Filhos, Lda, em Santa Maria A\u00e7ores. Saiba as datas que deve carregar no Porto, Lisboa e Ponta Delgada e datas de descarga em Vila do Porto Escalas para o 2\u00ba Semestre de 2011 AMPLIAR 1 Semestre 2012 AMPLIAR<\/p>\n","protected":false},"author":1,"featured_media":0,"parent":0,"menu_order":0,"comment_status":"open","ping_status":"open","template":"","meta":[],"_links":{"self":[{"href":"http:\/\/santamariaazores.com\/web\/wp-json\/wp\/v2\/pages\/1998"}],"collection":[{"href":"http:\/\/santamariaazores.com\/web\/wp-json\/wp\/v2\/pages"}],"about":[{"href":"http:\/\/santamariaazores.com\/web\/wp-json\/wp\/v2\/types\/page"}],"author":[{"embeddable":true,"href":"http:\/\/santamariaazores.com\/web\/wp-json\/wp\/v2\/users\/1"}],"replies":[{"embeddable":true,"href":"http:\/\/santamariaazores.com\/web\/wp-json\/wp\/v2\/comments?post=1998"}],"version-history":[{"count":0,"href":"http:\/\/santamariaazores.com\/web\/wp-json\/wp\/v2\/pages\/1998\/revisions"}],"wp:attachment":[{"href":"http:\/\/santamariaazores.com\/web\/wp-json\/wp\/v2\/media?parent=1998"}],"curies":[{"name":"wp","href":"https:\/\/api.w.org\/{rel}","templated":true}]}}